{"id":1107,"date":"2016-09-13T15:49:58","date_gmt":"2016-09-13T15:49:58","guid":{"rendered":"http:\/\/coreact.dk\/?post_type=product&#038;p=1107"},"modified":"2018-03-18T08:30:06","modified_gmt":"2018-03-18T08:30:06","slug":"my-table-is-your-table","status":"publish","type":"product","link":"https:\/\/coreact.dk\/en\/projekter\/my-table-is-your-table\/","title":{"rendered":"My Table, is Your Table"},"content":{"rendered":"<p>Idea and concept; CoreAct<\/p>\n<p>Performers; Helene Kvint &amp; Anika Barkan<\/p>\n<p>Photo; Andreas Bergman Steen &amp; G\u00e9za Ribberstr\u00f6m P\u00e1lyi<\/p>\n<p><\/p>","protected":false},"excerpt":{"rendered":"<p>Idea and concept; CoreAct Performers; Helene Kvint &amp; Anika Barkan Photo; Andreas Bergman Steen &amp; G\u00e9za Ribberstr\u00f6m P\u00e1lyi<\/p>\n","protected":false},"featured_media":1108,"comment_status":"closed","ping_status":"closed","template":"","meta":[],"class_list":{"0":"post-1107","1":"product","2":"type-product","3":"status-publish","4":"has-post-thumbnail","6":"product_cat-performanceinstallation-en","8":"first","9":"instock","10":"shipping-taxable","11":"product-type-simple"},"_links":{"self":[{"href":"https:\/\/coreact.dk\/en\/wp-json\/wp\/v2\/product\/1107","targetHints":{"allow":["GET"]}}],"collection":[{"href":"https:\/\/coreact.dk\/en\/wp-json\/wp\/v2\/product"}],"about":[{"href":"https:\/\/coreact.dk\/en\/wp-json\/wp\/v2\/types\/product"}],"replies":[{"embeddable":true,"href":"https:\/\/coreact.dk\/en\/wp-json\/wp\/v2\/comments?post=1107"}],"wp:featuredmedia":[{"embeddable":true,"href":"https:\/\/coreact.dk\/en\/wp-json\/wp\/v2\/media\/1108"}],"wp:attachment":[{"href":"https:\/\/coreact.dk\/en\/wp-json\/wp\/v2\/media?parent=1107"}],"curies":[{"name":"wp","href":"https:\/\/api.w.org\/{rel}","templated":true}]}}